{"id":987509762,"date":"2026-02-18T16:23:15","date_gmt":"2026-02-18T15:23:15","guid":{"rendered":"https:\/\/www.osezlaube.fr\/?page_id=987509762"},"modified":"2026-02-18T16:24:13","modified_gmt":"2026-02-18T15:24:13","slug":"express-your-sporting-potential","status":"publish","type":"page","link":"https:\/\/www.osezlaube.fr\/en\/dare-the-dawn\/express-your-sporting-potential\/","title":{"rendered":"The team"},"content":{"rendered":"<p>[et_pb_section fb_built=&#8221;1&#8243; custom_padding_last_edited=&#8221;off|desktop&#8221; _builder_version=&#8221;4.21.0&#8243; _module_preset=&#8221;default&#8221; background_color=&#8221;#EB593D&#8221; background_enable_image=&#8221;off&#8221; custom_margin=&#8221;0px||0px||false|false&#8221; custom_margin_tablet=&#8221;0px||20px||false|false&#8221; custom_margin_phone=&#8221;0px||20px||false|false&#8221; custom_margin_last_edited=&#8221;off|desktop&#8221; custom_padding=&#8221;0px||0px||false|false&#8221; custom_padding_tablet=&#8221;0px||20px|0px|false|false&#8221; custom_padding_phone=&#8221;0px||20px|0px|false|false&#8221; global_colors_info=&#8221;{}&#8221;][et_pb_row column_structure=&#8221;1_2,1_2&#8243; use_custom_gutter=&#8221;on&#8221; gutter_width=&#8221;1&#8243; make_equal=&#8221;on&#8221; _builder_version=&#8221;4.21.0&#8243; _module_preset=&#8221;default&#8221; background_color=&#8221;#FFFFFF&#8221; width=&#8221;100%&#8221; max_width=&#8221;2560px&#8221; custom_margin=&#8221;0px||0px||false|false&#8221; custom_padding=&#8221;0px||0px||false|false&#8221; global_colors_info=&#8221;{}&#8221;][et_pb_column type=&#8221;1_2&#8243; module_class=&#8221;vcenter-text&#8221; _builder_version=&#8221;4.21.0&#8243; _module_preset=&#8221;default&#8221; custom_padding=&#8221;40px|40px|40px|40px|false|false&#8221; custom_padding_tablet=&#8221;60px|40px||40px|false|false&#8221; custom_padding_phone=&#8221;|40px||40px|false|false&#8221; custom_padding_last_edited=&#8221;on|phone&#8221; global_colors_info=&#8221;{}&#8221;][et_pb_text _builder_version=&#8221;4.27.5&#8243; _module_preset=&#8221;default&#8221; header_text_align=&#8221;center&#8221; header_text_color=&#8221;#EB593D&#8221; header_3_font=&#8221;Typold Medium|||on|||||&#8221; header_3_text_align=&#8221;center&#8221; header_3_text_color=&#8221;#FCEBD4&#8243; header_3_font_size=&#8221;16px&#8221; custom_margin=&#8221;||||false|false&#8221; custom_padding=&#8221;0px||0px||false|false&#8221; hover_enabled=&#8221;0&#8243; header_3_font_size_tablet=&#8221;16px&#8221; header_3_font_size_phone=&#8221;14px&#8221; header_3_font_size_last_edited=&#8221;on|phone&#8221; global_colors_info=&#8221;{}&#8221; sticky_enabled=&#8221;0&#8243;]<\/p>\n<h1>Why &#8220;Osez l&#8217;Aube&#8221;?<br \/><img loading=\"lazy\" decoding=\"async\" src=\"https:\/\/www.osezlaube.fr\/wp-content\/uploads\/2023\/06\/orange_ray.png\" width=\"34\" height=\"33\" alt=\"\" class=\"wp-image-987505621 alignnone size-full\" style=\"top: -30px; position: absolute; right: 70px;\"><\/h1>\n<p>[\/et_pb_text][et_pb_text _builder_version=&#8221;4.21.0&#8243; _module_preset=&#8221;default&#8221; text_text_color=&#8221;#EB593D&#8221; text_line_height=&#8221;22px&#8221; text_orientation=&#8221;center&#8221; max_width=&#8221;600px&#8221; max_width_tablet=&#8221;600px&#8221; max_width_phone=&#8221;600px&#8221; max_width_last_edited=&#8221;on|desktop&#8221; module_alignment=&#8221;center&#8221; custom_margin=&#8221;8px|136px||||&#8221; custom_padding=&#8221;13px||0px|0px||&#8221; global_colors_info=&#8221;{}&#8221;]<\/p>\n<p data-start=\"29\" data-end=\"166\">Because changing where you live can be a bit scary.<br data-start=\"89\" data-end=\"92\">And it&#8217;s always easier when someone really welcomes you.<\/p>\n<p data-start=\"168\" data-end=\"405\">Osez l&#8217;Aube (Dare the Aube) is a helping hand to help you plan your life here, at your leisure, and to put you in touch with local contacts.<\/p>\n<p data-start=\"168\" data-end=\"405\">Understand where to live, how to work, where to send your children to school, who to talk to&#8230; but also get a feel for the atmosphere, rhythm and everyday life in Aube.<\/p>\n<p data-start=\"651\" data-end=\"689\"><strong>We help you imagine your life here.<\/strong><\/p>\n<p>&nbsp;<\/p>\n<p>[\/et_pb_text][et_pb_button button_url=&#8221;https:\/\/www.osezlaube.fr\/en\/contact-the-hospitality-and-talent-management-department\/&#8221; url_new_window=&#8221;on&#8221; button_text=&#8221;Contact us&#8221; button_alignment=&#8221;center&#8221; _builder_version=&#8221;4.27.5&#8243; _module_preset=&#8221;default&#8221; custom_button=&#8221;on&#8221; button_text_size=&#8221;14px&#8221; button_text_color=&#8221;#FFFFFF&#8221; button_bg_color=&#8221;#EB593D&#8221; button_border_color=&#8221;#EB593D&#8221; button_border_radius=&#8221;100px&#8221; button_font=&#8221;Typold Medium||||||||&#8221; button_icon=&#8221;&#x24;||divi||400&#8243; background_layout=&#8221;dark&#8221; custom_padding=&#8221;|60px||60px|false|true&#8221; locked=&#8221;off&#8221; global_colors_info=&#8221;{}&#8221;][\/et_pb_button][\/et_pb_column][et_pb_column type=&#8221;1_2&#8243; _builder_version=&#8221;4.21.0&#8243; _module_preset=&#8221;default&#8221; background_image=&#8221;https:\/\/www.osezlaube.fr\/wp-content\/uploads\/2023\/07\/potentiel_sportif_header.png&#8221; background_position=&#8221;bottom_left&#8221; custom_padding=&#8221;0px|0px|0px|0px|false|false&#8221; global_colors_info=&#8221;{}&#8221;][et_pb_divider show_divider=&#8221;off&#8221; _builder_version=&#8221;4.27.5&#8243; _module_preset=&#8221;default&#8221; background_image=&#8221;https:\/\/www.osezlaube.fr\/wp-content\/uploads\/2025\/12\/Soiree-Osez-lAube-161025\u00a9Tom-Berna-25-scaled.jpg&#8221; min_height=&#8221;60vh&#8221; min_height_tablet=&#8221;400px&#8221; min_height_phone=&#8221;300px&#8221; min_height_last_edited=&#8221;on|phone&#8221; global_colors_info=&#8221;{}&#8221;][\/et_pb_divider][\/et_pb_column][\/et_pb_row][\/et_pb_section][et_pb_section fb_built=&#8221;1&#8243; _builder_version=&#8221;4.21.0&#8243; _module_preset=&#8221;default&#8221; background_color=&#8221;#FCEBD4&#8243; custom_padding=&#8221;5px||34px|||&#8221; locked=&#8221;off&#8221; global_colors_info=&#8221;{}&#8221;][et_pb_row _builder_version=&#8221;4.21.0&#8243; _module_preset=&#8221;default&#8221; width=&#8221;90%&#8221; custom_padding=&#8221;30px||12px|||&#8221; global_colors_info=&#8221;{}&#8221;][et_pb_column type=&#8221;4_4&#8243; _builder_version=&#8221;4.21.0&#8243; _module_preset=&#8221;default&#8221; global_colors_info=&#8221;{}&#8221;][et_pb_text _builder_version=&#8221;4.27.5&#8243; _module_preset=&#8221;default&#8221; text_text_color=&#8221;#EB593D&#8221; text_font_size=&#8221;50px&#8221; header_text_color=&#8221;#EB593D&#8221; header_2_font=&#8221;Typold Medium||||||||&#8221; header_2_text_align=&#8221;center&#8221; header_2_text_color=&#8221;#EB593D&#8221; custom_margin=&#8221;||6px|||&#8221; custom_padding=&#8221;27px|||||&#8221; header_2_font_size_tablet=&#8221;40px&#8221; header_2_font_size_phone=&#8221;35px&#8221; header_2_font_size_last_edited=&#8221;off|desktop&#8221; locked=&#8221;off&#8221; global_colors_info=&#8221;{}&#8221;]<\/p>\n<h2>Discover the service on video!<br \/><img loading=\"lazy\" decoding=\"async\" src=\"https:\/\/www.osezlaube.fr\/wp-content\/uploads\/2023\/06\/orange_ray.png\" width=\"34\" height=\"33\" alt=\"\" class=\"wp-image-987505621 alignnone size-full\" style=\"top: -25px; right: 400px; position: absolute;\"><\/h2>\n<p>[\/et_pb_text][et_pb_video src=&#8221;https:\/\/www.youtube.com\/watch?v=RLf8H7FFghI&#8221; _builder_version=&#8221;4.27.5&#8243; _module_preset=&#8221;default&#8221; width=&#8221;50%&#8221; module_alignment=&#8221;center&#8221; global_colors_info=&#8221;{}&#8221;][\/et_pb_video][et_pb_video _builder_version=&#8221;4.27.5&#8243; _module_preset=&#8221;default&#8221; width=&#8221;50%&#8221; max_width=&#8221;97%&#8221; module_alignment=&#8221;center&#8221; global_colors_info=&#8221;{}&#8221;][\/et_pb_video][\/et_pb_column][\/et_pb_row][\/et_pb_section][et_pb_section fb_built=&#8221;1&#8243; _builder_version=&#8221;4.27.5&#8243; _module_preset=&#8221;default&#8221; background_color=&#8221;RGBA(255,255,255,0)&#8221; background_image=&#8221;https:\/\/www.osezlaube.fr\/wp-content\/uploads\/2023\/06\/white_wave.png&#8221; background_size=&#8221;initial&#8221; background_position=&#8221;top_center&#8221; background_repeat=&#8221;repeat-x&#8221; position_origin_a=&#8221;bottom_center&#8221; z_index=&#8221;9&#8243; min_height=&#8221;50px&#8221; height=&#8221;50px&#8221; custom_margin=&#8221;-15px|0px|0px|0px|false|false&#8221; custom_padding=&#8221;10px||0px|0px|false|false&#8221; locked=&#8221;off&#8221; global_colors_info=&#8221;{}&#8221;][\/et_pb_section][et_pb_section fb_built=&#8221;1&#8243; _builder_version=&#8221;4.21.0&#8243; _module_preset=&#8221;default&#8221; custom_margin=&#8221;0px||0px||false|false&#8221; custom_padding=&#8221;0px||28px||false|false&#8221; locked=&#8221;off&#8221; global_colors_info=&#8221;{}&#8221;][et_pb_row _builder_version=&#8221;4.21.0&#8243; _module_preset=&#8221;default&#8221; width=&#8221;90%&#8221; custom_margin=&#8221;0px||||false|false&#8221; custom_padding=&#8221;0px||18px||false|false&#8221; global_colors_info=&#8221;{}&#8221;][et_pb_column type=&#8221;4_4&#8243; _builder_version=&#8221;4.21.0&#8243; _module_preset=&#8221;default&#8221; global_colors_info=&#8221;{}&#8221;][et_pb_text _builder_version=&#8221;4.27.5&#8243; _module_preset=&#8221;default&#8221; text_text_color=&#8221;#EB593D&#8221; text_font_size=&#8221;50px&#8221; header_text_color=&#8221;#EB593D&#8221; header_2_font=&#8221;Typold Medium||||||||&#8221; header_2_text_align=&#8221;center&#8221; header_2_text_color=&#8221;#EB593D&#8221; custom_margin=&#8221;||13px|||&#8221; custom_padding=&#8221;38px|||||&#8221; header_2_font_size_tablet=&#8221;40px&#8221; header_2_font_size_phone=&#8221;35px&#8221; header_2_font_size_last_edited=&#8221;off|desktop&#8221; global_colors_info=&#8221;{}&#8221;]<\/p>\n<h2>Our crack team  <\/h2>\n<p>[\/et_pb_text][et_pb_text _builder_version=&#8221;4.27.5&#8243; _module_preset=&#8221;default&#8221; text_font=&#8221;Typold Book||||||||&#8221; text_text_color=&#8221;#007D9C&#8221; text_line_height=&#8221;22px&#8221; text_orientation=&#8221;center&#8221; max_width=&#8221;100%&#8221; module_alignment=&#8221;center&#8221; locked=&#8221;off&#8221; global_colors_info=&#8221;{}&#8221;]<\/p>\n<p><strong data-start=\"2\" data-end=\"72\">Our team of experts will accompany you on your journey to Aube.<\/strong><br data-start=\"72\" data-end=\"75\">A bit like local GPS, but a lot nicer.<\/p>\n<p>[\/et_pb_text][et_pb_image src=&#8221;https:\/\/www.osezlaube.fr\/wp-content\/uploads\/2026\/02\/Responsable-service.png&#8221; title_text=&#8221;Team&#8221; _builder_version=&#8221;4.27.5&#8243; _module_preset=&#8221;default&#8221; width=&#8221;74%&#8221; module_alignment=&#8221;center&#8221; global_colors_info=&#8221;{}&#8221;][\/et_pb_image][\/et_pb_column][\/et_pb_row][\/et_pb_section][et_pb_section fb_built=&#8221;1&#8243; module_id=&#8221;download&#8221; _builder_version=&#8221;4.21.0&#8243; _module_preset=&#8221;default&#8221; background_color=&#8221;#FCEBD4&#8243; custom_padding=&#8221;0px||0px||true|false&#8221; bottom_divider_height=&#8221;40px&#8221; bottom_divider_repeat=&#8221;4x&#8221; bottom_divider_flip=&#8221;horizontal&#8221; bottom_divider_height_tablet=&#8221;40px&#8221; bottom_divider_height_phone=&#8221;38px&#8221; bottom_divider_height_last_edited=&#8221;on|desktop&#8221; bottom_divider_repeat_tablet=&#8221;2x&#8221; bottom_divider_repeat_phone=&#8221;1x&#8221; bottom_divider_repeat_last_edited=&#8221;on|phone&#8221; locked=&#8221;off&#8221; global_colors_info=&#8221;{}&#8221;][et_pb_row _builder_version=&#8221;4.21.0&#8243; _module_preset=&#8221;default&#8221; width=&#8221;90%&#8221; module_alignment=&#8221;center&#8221; custom_padding=&#8221;31px||0px||false|false&#8221; global_colors_info=&#8221;{}&#8221;][et_pb_column type=&#8221;4_4&#8243; _builder_version=&#8221;4.21.0&#8243; _module_preset=&#8221;default&#8221; global_colors_info=&#8221;{}&#8221;][et_pb_text _builder_version=&#8221;4.21.0&#8243; _module_preset=&#8221;default&#8221; text_text_color=&#8221;#EB593D&#8221; text_font_size=&#8221;50px&#8221; header_text_color=&#8221;#EB593D&#8221; header_2_font=&#8221;Typold Medium||||||||&#8221; header_2_text_align=&#8221;center&#8221; header_2_text_color=&#8221;#EB593D&#8221; custom_margin=&#8221;||2px|||&#8221; header_2_font_size_tablet=&#8221;50px&#8221; header_2_font_size_phone=&#8221;35px&#8221; header_2_font_size_last_edited=&#8221;off|desktop&#8221; locked=&#8221;off&#8221; global_colors_info=&#8221;{}&#8221;]<\/p>\n<h2>Contact us!<\/h2>\n<p>&nbsp;<\/p>\n<p>[\/et_pb_text][et_pb_text _builder_version=&#8221;4.21.0&#8243; _module_preset=&#8221;default&#8221; text_text_color=&#8221;#007D9C&#8221; text_line_height=&#8221;22px&#8221; header_text_align=&#8221;justify&#8221; text_orientation=&#8221;center&#8221; max_width=&#8221;900px&#8221; module_alignment=&#8221;center&#8221; custom_margin=&#8221;-5px||0px|||&#8221; animation_style=&#8221;zoom&#8221; global_colors_info=&#8221;{}&#8221;]<\/p>\n<p>Aube en Champagne Attractivit\u00e9&#8217;s Hospitality and Talent Management Service is <strong>a team dedicated to helping you find accommodation, employment and education<\/strong>, and answering your questions to make your move easier.<\/p>\n<p>[\/et_pb_text][et_pb_text _builder_version=&#8221;4.27.5&#8243; _module_preset=&#8221;default&#8221; text_text_color=&#8221;#007D9C&#8221; background_enable_color=&#8221;off&#8221; max_width=&#8221;750px&#8221; module_alignment=&#8221;center&#8221; custom_padding=&#8221;32px|10px|10px|10px|false|false&#8221; global_colors_info=&#8221;{}&#8221;]<\/p>\n<div class=\"forminator-ui forminator-custom-form forminator-custom-form-987505382 forminator-design--default  forminator_ajax\" data-forminator-render=\"0\" data-form=\"forminator-module-987505382\" data-uid=\"69d2c30a4a023\"><br\/><\/div><form\r\n\t\t\t\tid=\"forminator-module-987505382\"\r\n\t\t\t\tclass=\"forminator-ui forminator-custom-form forminator-custom-form-987505382 forminator-design--default  forminator_ajax\"\r\n\t\t\t\tmethod=\"post\"\r\n\t\t\t\tdata-forminator-render=\"0\"\r\n\t\t\t\tdata-form-id=\"987505382\"\r\n\t\t\t\t data-color-option=\"default\" data-design=\"default\" data-grid=\"open\" style=\"display: none;\"\r\n\t\t\t\tdata-uid=\"69d2c30a4a023\"\r\n\t\t\t><div role=\"alert\" aria-live=\"polite\" class=\"forminator-response-message forminator-error\" aria-hidden=\"true\"><\/div><div class=\"forminator-row\"><div id=\"name-2\" class=\"forminator-field-name forminator-col forminator-col-6 \"><div class=\"forminator-field\"><label for=\"forminator-field-name-2_69d2c30a4a023\" id=\"forminator-field-name-2_69d2c30a4a023-label\" class=\"forminator-label\">Nom<\/label><input type=\"text\" name=\"name-2\" value=\"\" placeholder=\"Nom\" id=\"forminator-field-name-2_69d2c30a4a023\" class=\"forminator-input forminator-name--field\" aria-required=\"false\" autocomplete=\"name\" \/><\/div><\/div><div id=\"name-1\" class=\"forminator-field-name forminator-col forminator-col-6 \"><div class=\"forminator-field\"><label for=\"forminator-field-name-1_69d2c30a4a023\" id=\"forminator-field-name-1_69d2c30a4a023-label\" class=\"forminator-label\">Pr\u00e9nom <span class=\"forminator-required\">*<\/span><\/label><input type=\"text\" name=\"name-1\" value=\"\" placeholder=\"Pr\u00e9nom\" id=\"forminator-field-name-1_69d2c30a4a023\" class=\"forminator-input forminator-name--field\" aria-required=\"true\" autocomplete=\"name\" \/><\/div><\/div><\/div><div class=\"forminator-row\"><div id=\"email-1\" class=\"forminator-field-email forminator-col forminator-col-12 \"><div class=\"forminator-field\"><label for=\"forminator-field-email-1_69d2c30a4a023\" id=\"forminator-field-email-1_69d2c30a4a023-label\" class=\"forminator-label\">Adresse de email <span class=\"forminator-required\">*<\/span><\/label><input type=\"email\" name=\"email-1\" value=\"\" placeholder=\"Adresse de email\" id=\"forminator-field-email-1_69d2c30a4a023\" class=\"forminator-input forminator-email--field\" data-required=\"true\" aria-required=\"true\" autocomplete=\"email\" \/><\/div><\/div><\/div><div class=\"forminator-row\"><div id=\"address-1\" class=\"forminator-field-address forminator-col forminator-col-12  ville\"><div class=\"forminator-row\" data-multiple=\"false\"><div id=\"address-1-city\" class=\"forminator-col forminator-col-12\"><div class=\"forminator-field\"><label for=\"forminator-field-address-1-city_69d2c30a4a023\" id=\"forminator-field-address-1-city_69d2c30a4a023-label\" class=\"forminator-label\">Ville <span class=\"forminator-required\">*<\/span><\/label><input type=\"text\" name=\"address-1-city\" placeholder=\"Votre ville\" id=\"forminator-field-address-1-city_69d2c30a4a023\" class=\"forminator-input\" data-required=\"1\" aria-required=\"true\" autocomplete=\"address-level2\" value=\"\" \/><\/div><\/div><\/div><\/div><\/div><div class=\"forminator-row\"><div id=\"phone-1\" class=\"forminator-field-phone forminator-col forminator-col-12 \"><div class=\"forminator-field\"><label for=\"forminator-field-phone-1_69d2c30a4a023\" id=\"forminator-field-phone-1_69d2c30a4a023-label\" class=\"forminator-label\">Num\u00e9ro de t\u00e9l\u00e9phone <span class=\"forminator-required\">*<\/span><\/label><input type=\"text\" name=\"phone-1\" value=\"\" placeholder=\"Num\u00e9ro de t\u00e9l\u00e9phone\" id=\"forminator-field-phone-1_69d2c30a4a023\" class=\"forminator-input forminator-field--phone\" data-required=\"1\" aria-required=\"true\" autocomplete=\"off\" \/><\/div><\/div><\/div><div class=\"forminator-row\"><div id=\"textarea-1\" class=\"forminator-field-textarea forminator-col forminator-col-12 \"><div class=\"forminator-field\"><label for=\"forminator-field-textarea-1_69d2c30a4a023\" id=\"forminator-field-textarea-1_69d2c30a4a023-label\" class=\"forminator-label\">Message <span class=\"forminator-required\">*<\/span><\/label><textarea name=\"textarea-1\" placeholder=\"Message\" id=\"forminator-field-textarea-1_69d2c30a4a023\" class=\"forminator-textarea\" rows=\"6\" style=\"min-height:140px;\" maxlength=\"180\" ><\/textarea><span id=\"forminator-field-textarea-1_69d2c30a4a023-description\" class=\"forminator-description\"><span data-limit=\"180\" data-type=\"characters\" data-editor=\"\">0 \/ 180<\/span><\/span><\/div><\/div><\/div><div class=\"forminator-row\" style=\"margin: 0;\"><div id=\"captcha-1\" class=\"forminator-field-captcha  forminator-col-12 \"><div class=\"forminator-captcha-left forminator-g-recaptcha recaptcha-invisible\" data-theme=\"light\" data-badge=\"bottomright\" data-sitekey=\"6LcrDoAlAAAAAF6rUUlSIByl3r1k5jJEiQGYlbQN\" data-size=\"invisible\"><\/div> <\/div><\/div><input type=\"hidden\" name=\"referer_url\" value=\"\" \/><div class=\"forminator-row forminator-row-last\"><div class=\"forminator-col\"><div class=\"forminator-field\"><button class=\"forminator-button forminator-button-submit\">Envoyer le message<\/button><\/div><\/div><\/div><input type=\"hidden\" id=\"forminator_nonce\" name=\"forminator_nonce\" value=\"69eb138924\" \/><input type=\"hidden\" name=\"_wp_http_referer\" value=\"\/en\/wp-json\/wp\/v2\/pages\/987509762\" \/><input type=\"hidden\" name=\"form_id\" value=\"987505382\"><input type=\"hidden\" name=\"page_id\" value=\"987509762\"><input type=\"hidden\" name=\"form_type\" value=\"default\"><input type=\"hidden\" name=\"current_url\" value=\"https:\/\/www.osezlaube.fr\/en\/dare-the-dawn\/express-your-sporting-potential\/\"><input type=\"hidden\" name=\"render_id\" value=\"0\"><input type=\"hidden\" name=\"action\" value=\"forminator_submit_form_custom-forms\"><\/form>\n<p>[\/et_pb_text][\/et_pb_column][\/et_pb_row][\/et_pb_section][et_pb_section fb_built=&#8221;1&#8243; _builder_version=&#8221;4.21.0&#8243; _module_preset=&#8221;default&#8221; background_color=&#8221;RGBA(255,255,255,0)&#8221; background_image=&#8221;https:\/\/www.osezlaube.fr\/wp-content\/uploads\/2023\/06\/white_wave.png&#8221; background_size=&#8221;initial&#8221; background_position=&#8221;top_center&#8221; background_repeat=&#8221;repeat-x&#8221; position_origin_a=&#8221;bottom_center&#8221; z_index=&#8221;9&#8243; min_height=&#8221;50px&#8221; height=&#8221;50px&#8221; custom_margin=&#8221;-15px|0px|0px|0px|false|false&#8221; custom_padding=&#8221;0px||0px|0px|false|false&#8221; locked=&#8221;off&#8221; global_colors_info=&#8221;{}&#8221;][\/et_pb_section][et_pb_section fb_built=&#8221;1&#8243; _builder_version=&#8221;4.21.0&#8243; _module_preset=&#8221;default&#8221; custom_padding=&#8221;6px||9px|||&#8221; locked=&#8221;off&#8221; global_colors_info=&#8221;{}&#8221;][et_pb_row _builder_version=&#8221;4.21.0&#8243; _module_preset=&#8221;default&#8221; width=&#8221;90%&#8221; custom_padding=&#8221;13px||19px|||&#8221; global_colors_info=&#8221;{}&#8221;][et_pb_column type=&#8221;4_4&#8243; _builder_version=&#8221;4.21.0&#8243; _module_preset=&#8221;default&#8221; global_colors_info=&#8221;{}&#8221;][et_pb_text _builder_version=&#8221;4.21.0&#8243; _module_preset=&#8221;default&#8221; text_text_color=&#8221;#EB593D&#8221; text_font_size=&#8221;50px&#8221; header_text_color=&#8221;#EB593D&#8221; header_2_font=&#8221;Typold Medium||||||||&#8221; header_2_text_align=&#8221;center&#8221; header_2_text_color=&#8221;#EB593D&#8221; custom_margin=&#8221;||9px|||&#8221; header_2_font_size_tablet=&#8221;40px&#8221; header_2_font_size_phone=&#8221;35px&#8221; header_2_font_size_last_edited=&#8221;off|desktop&#8221; global_colors_info=&#8221;{}&#8221;]<\/p>\n<h2>News&#8217; Aube<img loading=\"lazy\" decoding=\"async\" src=\"https:\/\/www.osezlaube.fr\/wp-content\/uploads\/2023\/06\/orange_ray.png\" width=\"34\" height=\"33\" alt=\"\" class=\"wp-image-987505621 alignnone size-full\" style=\"top: -25px; position: absolute;\"><\/h2>\n<p>[\/et_pb_text][et_pb_text _builder_version=&#8221;4.21.0&#8243; _module_preset=&#8221;default&#8221; text_font=&#8221;Typold Book||||||||&#8221; text_text_color=&#8221;#007D9C&#8221; text_line_height=&#8221;22px&#8221; text_orientation=&#8221;center&#8221; max_width=&#8221;60%&#8221; module_alignment=&#8221;center&#8221; global_colors_info=&#8221;{}&#8221;]<\/p>\n<p>Find out here about the latest news from the region.<\/p>\n<p>[\/et_pb_text][et_pb_blog fullwidth=&#8221;off&#8221; posts_number=&#8221;3&#8243; include_categories=&#8221;all&#8221; excerpt_length=&#8221;100&#8243; show_more=&#8221;on&#8221; show_author=&#8221;off&#8221; show_date=&#8221;off&#8221; show_categories=&#8221;off&#8221; show_pagination=&#8221;off&#8221; show_pagination_last_edited=&#8221;off|desktop&#8221; module_class=&#8221;et-custom-read-more-text&#8221; _builder_version=&#8221;4.27.5&#8243; _module_preset=&#8221;default&#8221; header_level=&#8221;h3&#8243; header_font=&#8221;Typold Medium||||||||&#8221; header_text_color=&#8221;#EB593D&#8221; body_font=&#8221;Typold Book||||||||&#8221; body_text_color=&#8221;#007D9C&#8221; read_more_font=&#8221;Typold Medium||||||||&#8221; read_more_text_color=&#8221;#EB593D&#8221; read_more_font_size=&#8221;18px&#8221; read_more_line_height=&#8221;25px&#8221; pagination_font=&#8221;&#8211;et_global_heading_font||||||||&#8221; pagination_font_size=&#8221;13px&#8221; border_width_all=&#8221;0px&#8221; global_colors_info=&#8221;{}&#8221; show_pagination__hover_enabled=&#8221;off|desktop&#8221;][\/et_pb_blog][et_pb_code _builder_version=&#8221;4.21.0&#8243; _module_preset=&#8221;default&#8221; global_colors_info=&#8221;{}&#8221;]<script><!-- [et_pb_line_break_holder] -->(function ($) {<!-- [et_pb_line_break_holder] -->  $(document).on(\"ready ajaxComplete\", function () {<!-- [et_pb_line_break_holder] -->    $(\".et-custom-read-more-text .et_pb_post a.more-link\")<!-- [et_pb_line_break_holder] -->      .html(\"Lire la suite <i class='more-link-arrow fa fa-arrow-right' style='color: #EB593D!important;'><\/i>\");<!-- [et_pb_line_break_holder] -->  });<!-- [et_pb_line_break_holder] -->})(jQuery);<!-- [et_pb_line_break_holder] --><\/script>[\/et_pb_code][\/et_pb_column][\/et_pb_row][\/et_pb_section]<\/p>\n","protected":false},"excerpt":{"rendered":"<p>Why &#8220;Osez l&#8217;Aube&#8221;?Because changing where you live can be a bit scary.And it&#8217;s always easier when someone really welcomes you. Osez l&#8217;Aube (Dare the Aube) is a helping hand to help you plan your life here, at your leisure, and to put you in touch with local contacts. Understand where to live, how to work, [&hellip;]<\/p>\n","protected":false},"author":3,"featured_media":0,"parent":987508375,"menu_order":0,"comment_status":"closed","ping_status":"closed","template":"","meta":{"_et_pb_use_builder":"on","_et_pb_old_content":"","_et_gb_content_width":"","inline_featured_image":false,"footnotes":""},"class_list":["post-987509762","page","type-page","status-publish","hentry"],"_links":{"self":[{"href":"https:\/\/www.osezlaube.fr\/en\/wp-json\/wp\/v2\/pages\/987509762","targetHints":{"allow":["GET"]}}],"collection":[{"href":"https:\/\/www.osezlaube.fr\/en\/wp-json\/wp\/v2\/pages"}],"about":[{"href":"https:\/\/www.osezlaube.fr\/en\/wp-json\/wp\/v2\/types\/page"}],"author":[{"embeddable":true,"href":"https:\/\/www.osezlaube.fr\/en\/wp-json\/wp\/v2\/users\/3"}],"replies":[{"embeddable":true,"href":"https:\/\/www.osezlaube.fr\/en\/wp-json\/wp\/v2\/comments?post=987509762"}],"version-history":[{"count":5,"href":"https:\/\/www.osezlaube.fr\/en\/wp-json\/wp\/v2\/pages\/987509762\/revisions"}],"predecessor-version":[{"id":987509828,"href":"https:\/\/www.osezlaube.fr\/en\/wp-json\/wp\/v2\/pages\/987509762\/revisions\/987509828"}],"up":[{"embeddable":true,"href":"https:\/\/www.osezlaube.fr\/en\/wp-json\/wp\/v2\/pages\/987508375"}],"wp:attachment":[{"href":"https:\/\/www.osezlaube.fr\/en\/wp-json\/wp\/v2\/media?parent=987509762"}],"curies":[{"name":"wp","href":"https:\/\/api.w.org\/{rel}","templated":true}]}}